{"id":2,"date":"2025-03-19T15:20:24","date_gmt":"2025-03-19T12:20:24","guid":{"rendered":"http:\/\/darasafari.com\/?page_id=2"},"modified":"2025-03-21T11:32:45","modified_gmt":"2025-03-21T08:32:45","slug":"hakkimizda","status":"publish","type":"page","link":"http:\/\/darasafari.com\/index.php\/hakkimizda\/","title":{"rendered":"HAKKIMIZDA"},"content":{"rendered":"<p data-start=\"98\" data-end=\"448\">Dara K\u00fclt\u00fcr Safari, Mardin\u2019in b\u00fcy\u00fcleyici tarihi ve do\u011fal g\u00fczellikleriyle \u00fcnl\u00fc Dara Antik Kenti\u2019nde, ATV ve UTV ara\u00e7larla unutulmaz safari turlar\u0131 d\u00fczenleyen bir deneyim merkezidir. Tarih, do\u011fa ve maceray\u0131 bir araya getiren rotalar\u0131m\u0131zla, ziyaret\u00e7ilerimize hem adrenalin dolu anlar hem de b\u00f6lgenin e\u015fsiz k\u00fclt\u00fcrel miras\u0131n\u0131 ke\u015ffetme f\u0131rsat\u0131 sunuyoruz.<\/p>\n<p data-start=\"450\" data-end=\"725\">Amac\u0131m\u0131z, Mardin\u2019in tarihi dokusunu ve do\u011fal g\u00fczelliklerini koruyarak, misafirlerimize otantik ve g\u00fcvenli bir safari deneyimi ya\u015fatmakt\u0131r. Profesyonel rehberlerimiz e\u015fli\u011finde d\u00fczenledi\u011fimiz turlar, Dara Antik Kenti\u2019nin mistik atmosferinde e\u015fsiz bir ke\u015fif yolculu\u011fu vadediyoruz.<\/p>\n<p data-start=\"727\" data-end=\"991\">Dara K\u00fclt\u00fcr Safari olarak, b\u00f6lge turizmine katk\u0131 sa\u011flarken, misafirlerimize unutulmaz an\u0131lar biriktirme f\u0131rsat\u0131 sunuyoruz. E\u011fer siz de tarih ve do\u011fan\u0131n i\u00e7 i\u00e7e ge\u00e7ti\u011fi bu muhte\u015fem co\u011frafyada, heyecan dolu bir ke\u015fif deneyimi ya\u015famak istiyorsan\u0131z, bizi tercih edin!<\/p>\n","protected":false},"excerpt":{"rendered":"<p>Dara K\u00fclt\u00fcr Safari, Mardin\u2019in b\u00fcy\u00fcleyici tarihi ve do\u011fal g\u00fczellikleriyle \u00fcnl\u00fc Dara Antik Kenti\u2019nde, ATV ve UTV ara\u00e7larla unutulmaz safari turlar\u0131 d\u00fczenleyen bir deneyim merkezidir. Tarih, do\u011fa ve maceray\u0131 bir araya getiren rotalar\u0131m\u0131zla, ziyaret\u00e7ilerimize hem adrenalin dolu anlar hem de b\u00f6lgenin e\u015fsiz k\u00fclt\u00fcrel miras\u0131n\u0131 ke\u015ffetme f\u0131rsat\u0131 sunuyoruz. Amac\u0131m\u0131z, Mardin\u2019in tarihi dokusunu ve do\u011fal g\u00fczelliklerini koruyarak, misafirlerimize&hellip; <br \/> <a class=\"read-more\" href=\"http:\/\/darasafari.com\/index.php\/hakkimizda\/\">Devam\u0131<\/a><\/p>\n","protected":false},"author":1,"featured_media":0,"parent":0,"menu_order":0,"comment_status":"closed","ping_status":"closed","template":"","meta":{"footnotes":""},"_links":{"self":[{"href":"http:\/\/darasafari.com\/index.php\/wp-json\/wp\/v2\/pages\/2"}],"collection":[{"href":"http:\/\/darasafari.com\/index.php\/wp-json\/wp\/v2\/pages"}],"about":[{"href":"http:\/\/darasafari.com\/index.php\/wp-json\/wp\/v2\/types\/page"}],"author":[{"embeddable":true,"href":"http:\/\/darasafari.com\/index.php\/wp-json\/wp\/v2\/users\/1"}],"replies":[{"embeddable":true,"href":"http:\/\/darasafari.com\/index.php\/wp-json\/wp\/v2\/comments?post=2"}],"version-history":[{"count":4,"href":"http:\/\/darasafari.com\/index.php\/wp-json\/wp\/v2\/pages\/2\/revisions"}],"predecessor-version":[{"id":132,"href":"http:\/\/darasafari.com\/index.php\/wp-json\/wp\/v2\/pages\/2\/revisions\/132"}],"wp:attachment":[{"href":"http:\/\/darasafari.com\/index.php\/wp-json\/wp\/v2\/media?parent=2"}],"curies":[{"name":"wp","href":"https:\/\/api.w.org\/{rel}","templated":true}]}}