{"id":68,"date":"2025-03-20T14:09:59","date_gmt":"2025-03-20T11:09:59","guid":{"rendered":"http:\/\/darasafari.com\/?page_id=68"},"modified":"2025-03-26T16:16:14","modified_gmt":"2025-03-26T13:16:14","slug":"turlarimiz","status":"publish","type":"page","link":"http:\/\/darasafari.com\/index.php\/turlarimiz\/","title":{"rendered":"TURLARIMIZ"},"content":{"rendered":"<p class=\"\" data-start=\"0\" data-end=\"37\"><strong data-start=\"0\" data-end=\"35\">Dara K\u00fclt\u00fcr Safari<\/strong><\/p>\n<p class=\"\" data-start=\"39\" data-end=\"283\">Dara K\u00fclt\u00fcr Safari olarak, tarihin ve do\u011fan\u0131n i\u00e7 i\u00e7e ge\u00e7ti\u011fi e\u015fsiz bir deneyim sunuyoruz. <strong data-start=\"129\" data-end=\"192\">ATV ve UTV ara\u00e7lar\u0131yla d\u00fczenledi\u011fimiz \u00f6zel ke\u015fif turlar\u0131m\u0131z<\/strong>, misafirlerimize Dara Antik Kenti\u2019nin b\u00fcy\u00fcleyici atmosferinde unutulmaz anlar ya\u015fat\u0131yor.<\/p>\n<p class=\"\" data-start=\"285\" data-end=\"464\">&#x1f4cd; <strong data-start=\"288\" data-end=\"311\">K\u00fclt\u00fcrel Ke\u015fif Turu<\/strong><br data-start=\"311\" data-end=\"314\" \/>Rehber e\u015fli\u011finde Dara Antik Kenti\u2019nin en \u00f6nemli noktalar\u0131n\u0131 ziyaret ediyor, binlerce y\u0131ll\u0131k tarihi yap\u0131lar\u0131 ke\u015ffederken ge\u00e7mi\u015fin izlerini s\u00fcr\u00fcyoruz.<\/p>\n<p class=\"\" data-start=\"466\" data-end=\"653\">&#x1f4cd; <strong data-start=\"469\" data-end=\"491\">Do\u011fa ve Tarih Turu<\/strong><br data-start=\"491\" data-end=\"494\" \/>Tarih ve do\u011fay\u0131 bir araya getiren bu turda, Dara\u2019n\u0131n etraf\u0131ndaki do\u011fal g\u00fczellikleri ke\u015ffederken, e\u015fsiz manzaralar e\u015fli\u011finde bir k\u00fclt\u00fcrel yolculu\u011fa \u00e7\u0131k\u0131yoruz.<\/p>\n<p class=\"\" data-start=\"655\" data-end=\"859\">&#x1f4cd; <strong data-start=\"658\" data-end=\"677\">G\u00fcn Bat\u0131m\u0131 Turu<\/strong><br data-start=\"677\" data-end=\"680\" \/>Dara Antik Kenti\u2019nde g\u00fcn bat\u0131m\u0131n\u0131n b\u00fcy\u00fcleyici manzaras\u0131na tan\u0131kl\u0131k etmek isteyenler i\u00e7in \u00f6zel olarak d\u00fczenlenen bu tur, do\u011fan\u0131n ve tarihin muhte\u015fem uyumunu g\u00f6zler \u00f6n\u00fcne seriyor.<\/p>\n<p class=\"\" data-start=\"861\" data-end=\"1105\">&#x1f4cd; <strong data-start=\"864\" data-end=\"891\">\u00d6zel Grup ve VIP Turlar<\/strong><br data-start=\"891\" data-end=\"894\" \/>Daha ki\u015fisel ve \u00f6zel bir deneyim ya\u015famak isteyen misafirlerimiz i\u00e7in \u00f6zel grup ve VIP turlar\u0131m\u0131z mevcuttur. Kendi program\u0131n\u0131z\u0131 olu\u015fturabilir, sevdiklerinizle birlikte \u00f6zel bir ke\u015fif yolculu\u011funa \u00e7\u0131kabilirsiniz.<\/p>\n<p class=\"\" data-start=\"1107\" data-end=\"1276\">Turlar\u0131m\u0131z hakk\u0131nda detayl\u0131 bilgi almak ve rezervasyon yapmak i\u00e7in bizimle ileti\u015fime ge\u00e7ebilirsiniz. <strong data-start=\"1208\" data-end=\"1276\" data-is-last-node=\"\">Dara K\u00fclt\u00fcr Safari ile tarihe ve do\u011faya dokunmaya haz\u0131r m\u0131s\u0131n\u0131z?<\/strong><\/p>\n","protected":false},"excerpt":{"rendered":"<p>Dara K\u00fclt\u00fcr Safari Dara K\u00fclt\u00fcr Safari olarak, tarihin ve do\u011fan\u0131n i\u00e7 i\u00e7e ge\u00e7ti\u011fi e\u015fsiz bir deneyim sunuyoruz. ATV ve UTV ara\u00e7lar\u0131yla d\u00fczenledi\u011fimiz \u00f6zel ke\u015fif turlar\u0131m\u0131z, misafirlerimize Dara Antik Kenti\u2019nin b\u00fcy\u00fcleyici atmosferinde unutulmaz anlar ya\u015fat\u0131yor. &#x1f4cd; K\u00fclt\u00fcrel Ke\u015fif TuruRehber e\u015fli\u011finde Dara Antik Kenti\u2019nin en \u00f6nemli noktalar\u0131n\u0131 ziyaret ediyor, binlerce y\u0131ll\u0131k tarihi yap\u0131lar\u0131 ke\u015ffederken ge\u00e7mi\u015fin izlerini s\u00fcr\u00fcyoruz.&hellip; <br \/> <a class=\"read-more\" href=\"http:\/\/darasafari.com\/index.php\/turlarimiz\/\">Devam\u0131<\/a><\/p>\n","protected":false},"author":1,"featured_media":0,"parent":0,"menu_order":0,"comment_status":"closed","ping_status":"closed","template":"","meta":{"footnotes":""},"_links":{"self":[{"href":"http:\/\/darasafari.com\/index.php\/wp-json\/wp\/v2\/pages\/68"}],"collection":[{"href":"http:\/\/darasafari.com\/index.php\/wp-json\/wp\/v2\/pages"}],"about":[{"href":"http:\/\/darasafari.com\/index.php\/wp-json\/wp\/v2\/types\/page"}],"author":[{"embeddable":true,"href":"http:\/\/darasafari.com\/index.php\/wp-json\/wp\/v2\/users\/1"}],"replies":[{"embeddable":true,"href":"http:\/\/darasafari.com\/index.php\/wp-json\/wp\/v2\/comments?post=68"}],"version-history":[{"count":2,"href":"http:\/\/darasafari.com\/index.php\/wp-json\/wp\/v2\/pages\/68\/revisions"}],"predecessor-version":[{"id":225,"href":"http:\/\/darasafari.com\/index.php\/wp-json\/wp\/v2\/pages\/68\/revisions\/225"}],"wp:attachment":[{"href":"http:\/\/darasafari.com\/index.php\/wp-json\/wp\/v2\/media?parent=68"}],"curies":[{"name":"wp","href":"https:\/\/api.w.org\/{rel}","templated":true}]}}