{"id":70,"date":"2025-03-20T14:10:26","date_gmt":"2025-03-20T11:10:26","guid":{"rendered":"http:\/\/darasafari.com\/?page_id=70"},"modified":"2025-03-26T16:18:13","modified_gmt":"2025-03-26T13:18:13","slug":"bize-ulasin","status":"publish","type":"page","link":"http:\/\/darasafari.com\/index.php\/bize-ulasin\/","title":{"rendered":"B\u0130ZE ULA\u015eIN"},"content":{"rendered":"<p class=\"\" data-start=\"0\" data-end=\"41\"><strong data-start=\"0\" data-end=\"39\">&#x1f4cd; Bize Ula\u015f\u0131n \u2013 Dara K\u00fclt\u00fcr Safari<\/strong><\/p>\n<p class=\"\" data-start=\"43\" data-end=\"263\">&#x1f4cc; <strong data-start=\"46\" data-end=\"56\">Adres:<\/strong> Dara Antik Kenti, Mardin<br data-start=\"81\" data-end=\"84\" \/>&#x1f4de; <strong data-start=\"87\" data-end=\"99\">Telefon:<\/strong> +90 530 996 90 47<br data-start=\"119\" data-end=\"122\" \/>&#x1f4e7; <strong data-start=\"125\" data-end=\"137\">E-posta:<\/strong> info@darasafari.com<br data-start=\"157\" data-end=\"160\" \/>&#x1f30d; <strong data-start=\"163\" data-end=\"177\">Websitesi:<\/strong> darasafari.com<br data-start=\"197\" data-end=\"200\" \/>&#x1f4f1; <strong data-start=\"203\" data-end=\"228\">Instagram &amp; Titok:<\/strong> @DaraKulturSafari<\/p>\n<p class=\"\" data-start=\"265\" data-end=\"454\">&#x1f4c5; <strong data-start=\"268\" data-end=\"330\">Rezervasyon ve detayl\u0131 bilgi i\u00e7in bizimle ileti\u015fime ge\u00e7in!<\/strong><\/p>\n<p class=\"\" data-start=\"265\" data-end=\"454\"><br data-start=\"330\" data-end=\"333\" \/>Dara K\u00fclt\u00fcr Safari ekibi olarak, sizleri tarihin kalbinde unutulmaz bir yolculu\u011fa \u00e7\u0131karmak i\u00e7in sab\u0131rs\u0131zlan\u0131yoruz. &#x1f697;&#x1f3db;&#xfe0f;&#x2728;<\/p>\n","protected":false},"excerpt":{"rendered":"<p>&#x1f4cd; Bize Ula\u015f\u0131n \u2013 Dara K\u00fclt\u00fcr Safari &#x1f4cc; Adres: Dara Antik Kenti, Mardin&#x1f4de; Telefon: +90 530 996 90 47&#x1f4e7; E-posta: info@darasafari.com&#x1f30d; Websitesi: darasafari.com&#x1f4f1; Instagram &amp; Titok: @DaraKulturSafari &#x1f4c5; Rezervasyon ve detayl\u0131 bilgi i\u00e7in bizimle ileti\u015fime ge\u00e7in! Dara K\u00fclt\u00fcr Safari ekibi olarak, sizleri tarihin kalbinde unutulmaz bir yolculu\u011fa \u00e7\u0131karmak i\u00e7in sab\u0131rs\u0131zlan\u0131yoruz. &#x1f697;&#x1f3db;&#xfe0f;&#x2728;<\/p>\n","protected":false},"author":1,"featured_media":0,"parent":0,"menu_order":0,"comment_status":"closed","ping_status":"closed","template":"","meta":{"footnotes":""},"_links":{"self":[{"href":"http:\/\/darasafari.com\/index.php\/wp-json\/wp\/v2\/pages\/70"}],"collection":[{"href":"http:\/\/darasafari.com\/index.php\/wp-json\/wp\/v2\/pages"}],"about":[{"href":"http:\/\/darasafari.com\/index.php\/wp-json\/wp\/v2\/types\/page"}],"author":[{"embeddable":true,"href":"http:\/\/darasafari.com\/index.php\/wp-json\/wp\/v2\/users\/1"}],"replies":[{"embeddable":true,"href":"http:\/\/darasafari.com\/index.php\/wp-json\/wp\/v2\/comments?post=70"}],"version-history":[{"count":2,"href":"http:\/\/darasafari.com\/index.php\/wp-json\/wp\/v2\/pages\/70\/revisions"}],"predecessor-version":[{"id":227,"href":"http:\/\/darasafari.com\/index.php\/wp-json\/wp\/v2\/pages\/70\/revisions\/227"}],"wp:attachment":[{"href":"http:\/\/darasafari.com\/index.php\/wp-json\/wp\/v2\/media?parent=70"}],"curies":[{"name":"wp","href":"https:\/\/api.w.org\/{rel}","templated":true}]}}